{"id":2303,"date":"2025-11-03T16:29:09","date_gmt":"2025-11-03T21:29:09","guid":{"rendered":"https:\/\/www.cipcdahuaraz.org\/cip\/nosotros\/"},"modified":"2025-11-11T09:29:04","modified_gmt":"2025-11-11T14:29:04","slug":"asesoria","status":"publish","type":"page","link":"https:\/\/www.cipcdahuaraz.org\/cip\/asesoria\/","title":{"rendered":"Asesoria"},"content":{"rendered":"\t\t<div data-elementor-type=\"wp-page\" data-elementor-id=\"2303\" class=\"elementor elementor-2303\">\n\t\t\t\t\t\t<section class=\"elementor-section elementor-top-section elementor-element elementor-element-8828dd8 elementor-section-height-min-height elementor-section-items-bottom elementor-section-boxed elementor-section-height-default\" data-id=\"8828dd8\" data-element_type=\"section\" data-settings=\"{&quot;background_background&quot;:&quot;slideshow&quot;,&quot;background_slideshow_gallery&quot;:[{&quot;id&quot;:1893,&quot;url&quot;:&quot;https:\\\/\\\/www.cipcdahuaraz.org\\\/zip\\\/wp-content\\\/uploads\\\/2025\\\/10\\\/banner05.png&quot;}],&quot;background_slideshow_loop&quot;:&quot;yes&quot;,&quot;background_slideshow_slide_duration&quot;:5000,&quot;background_slideshow_slide_transition&quot;:&quot;fade&quot;,&quot;background_slideshow_transition_duration&quot;:500}\">\n\t\t\t\t\t\t\t<div class=\"elementor-background-overlay\"><\/div>\n\t\t\t\t\t\t\t<div class=\"elementor-container elementor-column-gap-default\">\n\t\t\t\t\t<div class=\"elementor-column elementor-col-100 elementor-top-column elementor-element elementor-element-6d43801\" data-id=\"6d43801\" data-element_type=\"column\">\n\t\t\t<div class=\"elementor-widget-wrap elementor-element-populated\">\n\t\t\t\t\t\t<div class=\"elementor-element elementor-element-9a9b4e4 elementor-hidden-phone elementor-widget elementor-widget-spacer\" data-id=\"9a9b4e4\" data-element_type=\"widget\" data-widget_type=\"spacer.default\">\n\t\t\t\t\t\t\t<div class=\"elementor-spacer\">\n\t\t\t<div class=\"elementor-spacer-inner\"><\/div>\n\t\t<\/div>\n\t\t\t\t\t\t<\/div>\n\t\t\t\t\t<\/div>\n\t\t<\/div>\n\t\t\t\t\t<\/div>\n\t\t<\/section>\n\t\t\t\t<section class=\"elementor-section elementor-top-section elementor-element elementor-element-d076b54 elementor-section-boxed elementor-section-height-default elementor-section-height-default\" data-id=\"d076b54\" data-element_type=\"section\">\n\t\t\t\t\t\t<div class=\"elementor-container elementor-column-gap-default\">\n\t\t\t\t\t<div class=\"elementor-column elementor-col-50 elementor-top-column elementor-element elementor-element-ef1a4e9\" data-id=\"ef1a4e9\" data-element_type=\"column\">\n\t\t\t<div class=\"elementor-widget-wrap elementor-element-populated\">\n\t\t\t\t\t\t<div class=\"elementor-element elementor-element-81a5251 elementor-widget__width-initial elementor-widget elementor-widget-heading\" data-id=\"81a5251\" data-element_type=\"widget\" data-widget_type=\"heading.default\">\n\t\t\t\t\t<h3 class=\"elementor-heading-title elementor-size-default\">Asesor\u00eda Legal CIP-CDA-Huaraz<\/h3>\t\t\t\t<\/div>\n\t\t\t\t<div class=\"elementor-element elementor-element-5236828 elementor-widget__width-initial elementor-widget elementor-widget-text-editor\" data-id=\"5236828\" data-element_type=\"widget\" data-widget_type=\"text-editor.default\">\n\t\t\t\t\t\t\t\t\t<p style=\"text-align: center;\" data-start=\"151\" data-end=\"219\"><strong>Fortaleciendo el Soporte Legal a Nuestros Agremiados Habilitados<\/strong><\/p><p data-start=\"221\" data-end=\"527\">Con el prop\u00f3sito de fortalecer el soporte Legal y ampliar los beneficios para nuestras y nuestros agremiados habilitados, el Colegio de Ingenieros del Per\u00fa &#8211; Consejo Departamental de \u00c1ncash, Sede Huaraz (CIP-CDA-Huaraz), ha suscrito un Convenio de Cooperaci\u00f3n con el Estudio Jur\u00eddico \u201cGuti\u00e9rrez\u201d.<\/p><p data-start=\"529\" data-end=\"740\">Este acuerdo tiene como finalidad brindar asesor\u00eda y acompa\u00f1amiento Legal especializado a los Colegiados habilitados que enfrenten procesos o situaciones judiciales vinculadas al ejercicio de su profesi\u00f3n.<\/p><p data-start=\"742\" data-end=\"1007\">En el marco de este convenio, se otorgar\u00e1n tarifas preferenciales y condiciones especiales, detalladas en el documento suscrito, reafirmando el compromiso Institucional del CIP-CDA-Huaraz con la defensa, protecci\u00f3n y bienestar Profesional de sus miembros.<\/p>\t\t\t\t\t\t\t\t<\/div>\n\t\t\t\t<div class=\"elementor-element elementor-element-c0b2d8f elementor-widget__width-initial elementor-widget elementor-widget-html\" data-id=\"c0b2d8f\" data-element_type=\"widget\" data-widget_type=\"html.default\">\n\t\t\t\t\t<div id=\"pdf-container\" style=\"width:100%;height:600px;border:1px solid #ccc;border-radius:10px;overflow:hidden;display:flex;align-items:center;justify-content:center;\">\r\n  <iframe \r\n    id=\"pdf-iframe\"\r\n    src=\"https:\/\/cipcdahuaraz.org\/zip\/uploads\/convenio_03.pdf\"\r\n    style=\"width:100%;height:100%;border:none;\"\r\n    title=\"Visor de Convenio Legal\">\r\n  <\/iframe>\r\n  <div id=\"mobile-pdf-link\" style=\"display:none;text-align:center;\">\r\n    <p>Para una mejor visualizaci\u00f3n, abre el documento en tu visor.<\/p>\r\n    <a href=\"https:\/\/cipcdahuaraz.org\/zip\/uploads\/convenio_03.pdf\" target=\"_blank\" style=\"display:inline-block;background:#b00020;color:white;padding:10px 20px;border-radius:6px;text-decoration:none;\">\ud83d\udcc4 Abrir Convenio<\/a>\r\n  <\/div>\r\n<\/div>\r\n\r\n<script>\r\ndocument.addEventListener(\"DOMContentLoaded\", function() {\r\n  const isMobile = \/Android|iPhone|iPad|iPod|Windows Phone\/i.test(navigator.userAgent);\r\n  const iframe = document.getElementById(\"pdf-iframe\");\r\n  const linkBox = document.getElementById(\"mobile-pdf-link\");\r\n\r\n  if (isMobile) {\r\n    iframe.style.display = \"none\";\r\n    linkBox.style.display = \"block\";\r\n  }\r\n});\r\n<\/script>\r\n\t\t\t\t<\/div>\n\t\t\t\t\t<\/div>\n\t\t<\/div>\n\t\t\t\t<div class=\"elementor-column elementor-col-50 elementor-top-column elementor-element elementor-element-5cea1c3\" data-id=\"5cea1c3\" data-element_type=\"column\">\n\t\t\t<div class=\"elementor-widget-wrap elementor-element-populated\">\n\t\t\t\t\t\t<div class=\"elementor-element elementor-element-edcb22a elementor-widget elementor-widget-spacer\" data-id=\"edcb22a\" data-element_type=\"widget\" data-widget_type=\"spacer.default\">\n\t\t\t\t\t\t\t<div class=\"elementor-spacer\">\n\t\t\t<div class=\"elementor-spacer-inner\"><\/div>\n\t\t<\/div>\n\t\t\t\t\t\t<\/div>\n\t\t\t\t<div class=\"elementor-element elementor-element-83e6692 elementor-widget elementor-widget-spacer\" data-id=\"83e6692\" data-element_type=\"widget\" data-widget_type=\"spacer.default\">\n\t\t\t\t\t\t\t<div class=\"elementor-spacer\">\n\t\t\t<div class=\"elementor-spacer-inner\"><\/div>\n\t\t<\/div>\n\t\t\t\t\t\t<\/div>\n\t\t\t\t<div class=\"elementor-element elementor-element-a371fcf elementor-position-top elementor-widget elementor-widget-image-box\" data-id=\"a371fcf\" data-element_type=\"widget\" data-widget_type=\"image-box.default\">\n\t\t\t\t\t<div class=\"elementor-image-box-wrapper\"><figure class=\"elementor-image-box-img\"><img fetchpriority=\"high\" decoding=\"async\" width=\"2048\" height=\"2048\" src=\"https:\/\/www.cipcdahuaraz.org\/cip\/wp-content\/uploads\/2025\/11\/asesoria.jpg\" class=\"attachment-full size-full wp-image-2305\" alt=\"\" srcset=\"https:\/\/www.cipcdahuaraz.org\/cip\/wp-content\/uploads\/2025\/11\/asesoria.jpg 2048w, https:\/\/www.cipcdahuaraz.org\/cip\/wp-content\/uploads\/2025\/11\/asesoria-300x300.jpg 300w, https:\/\/www.cipcdahuaraz.org\/cip\/wp-content\/uploads\/2025\/11\/asesoria-1024x1024.jpg 1024w, https:\/\/www.cipcdahuaraz.org\/cip\/wp-content\/uploads\/2025\/11\/asesoria-150x150.jpg 150w, https:\/\/www.cipcdahuaraz.org\/cip\/wp-content\/uploads\/2025\/11\/asesoria-768x768.jpg 768w, https:\/\/www.cipcdahuaraz.org\/cip\/wp-content\/uploads\/2025\/11\/asesoria-1536x1536.jpg 1536w\" sizes=\"(max-width: 2048px) 100vw, 2048px\" \/><\/figure><\/div>\t\t\t\t<\/div>\n\t\t\t\t<div class=\"elementor-element elementor-element-6ef03cd elementor-widget elementor-widget-spacer\" data-id=\"6ef03cd\" data-element_type=\"widget\" data-widget_type=\"spacer.default\">\n\t\t\t\t\t\t\t<div class=\"elementor-spacer\">\n\t\t\t<div class=\"elementor-spacer-inner\"><\/div>\n\t\t<\/div>\n\t\t\t\t\t\t<\/div>\n\t\t\t\t<section class=\"elementor-section elementor-inner-section elementor-element elementor-element-d4bf561 elementor-section-boxed elementor-section-height-default elementor-section-height-default\" data-id=\"d4bf561\" data-element_type=\"section\">\n\t\t\t\t\t\t<div class=\"elementor-container elementor-column-gap-default\">\n\t\t\t\t\t<div class=\"elementor-column elementor-col-100 elementor-inner-column elementor-element elementor-element-e5d03db\" data-id=\"e5d03db\" data-element_type=\"column\" data-settings=\"{&quot;background_background&quot;:&quot;classic&quot;}\">\n\t\t\t<div class=\"elementor-widget-wrap elementor-element-populated\">\n\t\t\t\t\t\t<div class=\"elementor-element elementor-element-60d78be elementor-widget elementor-widget-heading\" data-id=\"60d78be\" data-element_type=\"widget\" data-widget_type=\"heading.default\">\n\t\t\t\t\t<h3 class=\"elementor-heading-title elementor-size-default\">Atenci\u00f3n<\/h3>\t\t\t\t<\/div>\n\t\t\t\t<div class=\"elementor-element elementor-element-b22d778 elementor-widget elementor-widget-text-editor\" data-id=\"b22d778\" data-element_type=\"widget\" data-widget_type=\"text-editor.default\">\n\t\t\t\t\t\t\t\t\t<p><strong data-start=\"78\" data-end=\"116\">La atenci\u00f3n se brinda previa cita.<\/strong><br data-start=\"116\" data-end=\"119\" \/>Para acceder al servicio de Asesor\u00eda Legal, los colegiados habilitados pueden comunicarse durante el horario de atenci\u00f3n con el fin de programar una cita y asegurar una atenci\u00f3n personalizada. Comunic\u00e1ndose al Celular N\u00b0<span style=\"color: #ff0000;\"><b><i>964 935 345<\/i><\/b><\/span><\/p><p>Jir\u00f3n Sim\u00f3n Bolivar N\u00b0 959, primer piso<br \/>Huaraz &#8211; Ancash &#8211; Per\u00fa<\/p><p><strong>Horario de Atenci\u00f3n<\/strong><br \/>Lunes \u2013 Viernes<br \/>4:00pm-7:00pm<\/p>\t\t\t\t\t\t\t\t<\/div>\n\t\t\t\t\t<\/div>\n\t\t<\/div>\n\t\t\t\t\t<\/div>\n\t\t<\/section>\n\t\t\t\t<div class=\"elementor-element elementor-element-a56ae39 elementor-widget-divider--view-line elementor-widget elementor-widget-divider\" data-id=\"a56ae39\" data-element_type=\"widget\" data-widget_type=\"divider.default\">\n\t\t\t\t\t\t\t<div class=\"elementor-divider\">\n\t\t\t<span class=\"elementor-divider-separator\">\n\t\t\t\t\t\t<\/span>\n\t\t<\/div>\n\t\t\t\t\t\t<\/div>\n\t\t\t\t<div class=\"elementor-element elementor-element-5991475 elementor-icon-list--layout-traditional elementor-list-item-link-full_width elementor-widget elementor-widget-icon-list\" data-id=\"5991475\" data-element_type=\"widget\" data-widget_type=\"icon-list.default\">\n\t\t\t\t\t\t\t<ul class=\"elementor-icon-list-items\">\n\t\t\t\t\t\t\t<li class=\"elementor-icon-list-item\">\n\t\t\t\t\t\t\t\t\t\t\t<a href=\"https:\/\/wa.me\/51945768203\">\n\n\t\t\t\t\t\t\t\t\t\t\t\t<span class=\"elementor-icon-list-icon\">\n\t\t\t\t\t\t\t<svg aria-hidden=\"true\" class=\"e-font-icon-svg e-fab-whatsapp-square\" viewBox=\"0 0 448 512\" xmlns=\"http:\/\/www.w3.org\/2000\/svg\"><path d=\"M224 122.8c-72.7 0-131.8 59.1-131.9 131.8 0 24.9 7 49.2 20.2 70.1l3.1 5-13.3 48.6 49.9-13.1 4.8 2.9c20.2 12 43.4 18.4 67.1 18.4h.1c72.6 0 133.3-59.1 133.3-131.8 0-35.2-15.2-68.3-40.1-93.2-25-25-58-38.7-93.2-38.7zm77.5 188.4c-3.3 9.3-19.1 17.7-26.7 18.8-12.6 1.9-22.4.9-47.5-9.9-39.7-17.2-65.7-57.2-67.7-59.8-2-2.6-16.2-21.5-16.2-41s10.2-29.1 13.9-33.1c3.6-4 7.9-5 10.6-5 2.6 0 5.3 0 7.6.1 2.4.1 5.7-.9 8.9 6.8 3.3 7.9 11.2 27.4 12.2 29.4s1.7 4.3.3 6.9c-7.6 15.2-15.7 14.6-11.6 21.6 15.3 26.3 30.6 35.4 53.9 47.1 4 2 6.3 1.7 8.6-1 2.3-2.6 9.9-11.6 12.5-15.5 2.6-4 5.3-3.3 8.9-2 3.6 1.3 23.1 10.9 27.1 12.9s6.6 3 7.6 4.6c.9 1.9.9 9.9-2.4 19.1zM400 32H48C21.5 32 0 53.5 0 80v352c0 26.5 21.5 48 48 48h352c26.5 0 48-21.5 48-48V80c0-26.5-21.5-48-48-48zM223.9 413.2c-26.6 0-52.7-6.7-75.8-19.3L64 416l22.5-82.2c-13.9-24-21.2-51.3-21.2-79.3C65.4 167.1 136.5 96 223.9 96c42.4 0 82.2 16.5 112.2 46.5 29.9 30 47.9 69.8 47.9 112.2 0 87.4-72.7 158.5-160.1 158.5z\"><\/path><\/svg>\t\t\t\t\t\t<\/span>\n\t\t\t\t\t\t\t\t\t\t<span class=\"elementor-icon-list-text\">Watssap<\/span>\n\t\t\t\t\t\t\t\t\t\t\t<\/a>\n\t\t\t\t\t\t\t\t\t<\/li>\n\t\t\t\t\t\t\t\t<li class=\"elementor-icon-list-item\">\n\t\t\t\t\t\t\t\t\t\t\t<a href=\"https:\/\/www.cipcdahuaraz.org\/\">\n\n\t\t\t\t\t\t\t\t\t\t\t\t<span class=\"elementor-icon-list-icon\">\n\t\t\t\t\t\t\t<svg aria-hidden=\"true\" class=\"e-font-icon-svg e-fab-facebook-f\" viewBox=\"0 0 320 512\" xmlns=\"http:\/\/www.w3.org\/2000\/svg\"><path d=\"M279.14 288l14.22-92.66h-88.91v-60.13c0-25.35 12.42-50.06 52.24-50.06h40.42V6.26S260.43 0 225.36 0c-73.22 0-121.08 44.38-121.08 124.72v70.62H22.89V288h81.39v224h100.17V288z\"><\/path><\/svg>\t\t\t\t\t\t<\/span>\n\t\t\t\t\t\t\t\t\t\t<span class=\"elementor-icon-list-text\">Facebook<\/span>\n\t\t\t\t\t\t\t\t\t\t\t<\/a>\n\t\t\t\t\t\t\t\t\t<\/li>\n\t\t\t\t\t\t\t\t<li class=\"elementor-icon-list-item\">\n\t\t\t\t\t\t\t\t\t\t\t<a href=\"https:\/\/www.instagram.com\/\">\n\n\t\t\t\t\t\t\t\t\t\t\t\t<span class=\"elementor-icon-list-icon\">\n\t\t\t\t\t\t\t<svg aria-hidden=\"true\" class=\"e-font-icon-svg e-fab-instagram\" viewBox=\"0 0 448 512\" xmlns=\"http:\/\/www.w3.org\/2000\/svg\"><path d=\"M224.1 141c-63.6 0-114.9 51.3-114.9 114.9s51.3 114.9 114.9 114.9S339 319.5 339 255.9 287.7 141 224.1 141zm0 189.6c-41.1 0-74.7-33.5-74.7-74.7s33.5-74.7 74.7-74.7 74.7 33.5 74.7 74.7-33.6 74.7-74.7 74.7zm146.4-194.3c0 14.9-12 26.8-26.8 26.8-14.9 0-26.8-12-26.8-26.8s12-26.8 26.8-26.8 26.8 12 26.8 26.8zm76.1 27.2c-1.7-35.9-9.9-67.7-36.2-93.9-26.2-26.2-58-34.4-93.9-36.2-37-2.1-147.9-2.1-184.9 0-35.8 1.7-67.6 9.9-93.9 36.1s-34.4 58-36.2 93.9c-2.1 37-2.1 147.9 0 184.9 1.7 35.9 9.9 67.7 36.2 93.9s58 34.4 93.9 36.2c37 2.1 147.9 2.1 184.9 0 35.9-1.7 67.7-9.9 93.9-36.2 26.2-26.2 34.4-58 36.2-93.9 2.1-37 2.1-147.8 0-184.8zM398.8 388c-7.8 19.6-22.9 34.7-42.6 42.6-29.5 11.7-99.5 9-132.1 9s-102.7 2.6-132.1-9c-19.6-7.8-34.7-22.9-42.6-42.6-11.7-29.5-9-99.5-9-132.1s-2.6-102.7 9-132.1c7.8-19.6 22.9-34.7 42.6-42.6 29.5-11.7 99.5-9 132.1-9s102.7-2.6 132.1 9c19.6 7.8 34.7 22.9 42.6 42.6 11.7 29.5 9 99.5 9 132.1s2.7 102.7-9 132.1z\"><\/path><\/svg>\t\t\t\t\t\t<\/span>\n\t\t\t\t\t\t\t\t\t\t<span class=\"elementor-icon-list-text\">Instagram<\/span>\n\t\t\t\t\t\t\t\t\t\t\t<\/a>\n\t\t\t\t\t\t\t\t\t<\/li>\n\t\t\t\t\t\t<\/ul>\n\t\t\t\t\t\t<\/div>\n\t\t\t\t<div class=\"elementor-element elementor-element-76e51f6 elementor-widget-divider--view-line elementor-widget elementor-widget-divider\" data-id=\"76e51f6\" data-element_type=\"widget\" data-widget_type=\"divider.default\">\n\t\t\t\t\t\t\t<div class=\"elementor-divider\">\n\t\t\t<span class=\"elementor-divider-separator\">\n\t\t\t\t\t\t<\/span>\n\t\t<\/div>\n\t\t\t\t\t\t<\/div>\n\t\t\t\t\t<\/div>\n\t\t<\/div>\n\t\t\t\t\t<\/div>\n\t\t<\/section>\n\t\t\t\t<\/div>\n\t\t","protected":false},"excerpt":{"rendered":"<p>Asesor\u00eda Legal CIP-CDA-Huaraz Fortaleciendo el Soporte Legal a Nuestros Agremiados Habilitados Con el prop\u00f3sito de fortalecer el soporte Legal y ampliar los beneficios para nuestras y nuestros agremiados habilitados, el&#8230;<\/p>\n","protected":false},"author":1,"featured_media":0,"parent":0,"menu_order":0,"comment_status":"closed","ping_status":"closed","template":"elementor_header_footer","meta":{"_EventAllDay":false,"_EventTimezone":"","_EventStartDate":"","_EventEndDate":"","_EventStartDateUTC":"","_EventEndDateUTC":"","_EventShowMap":false,"_EventShowMapLink":false,"_EventURL":"","_EventCost":"","_EventCostDescription":"","_EventCurrencySymbol":"","_EventCurrencyCode":"","_EventCurrencyPosition":"","_EventDateTimeSeparator":"","_EventTimeRangeSeparator":"","_EventOrganizerID":[],"_EventVenueID":[],"_OrganizerEmail":"","_OrganizerPhone":"","_OrganizerWebsite":"","_VenueAddress":"","_VenueCity":"","_VenueCountry":"","_VenueProvince":"","_VenueState":"","_VenueZip":"","_VenuePhone":"","_VenueURL":"","_VenueStateProvince":"","_VenueLat":"","_VenueLng":"","_VenueShowMap":false,"_VenueShowMapLink":false,"_kadence_starter_templates_imported_post":true,"_kad_post_transparent":"","_kad_post_title":"hide","_kad_post_layout":"normal","_kad_post_sidebar_id":"","_kad_post_content_style":"unboxed","_kad_post_vertical_padding":"hide","_kad_post_feature":"hide","_kad_post_feature_position":"","_kad_post_header":false,"_kad_post_footer":false,"_kad_post_classname":"","footnotes":""},"class_list":["post-2303","page","type-page","status-publish","hentry"],"_links":{"self":[{"href":"https:\/\/www.cipcdahuaraz.org\/cip\/wp-json\/wp\/v2\/pages\/2303","targetHints":{"allow":["GET"]}}],"collection":[{"href":"https:\/\/www.cipcdahuaraz.org\/cip\/wp-json\/wp\/v2\/pages"}],"about":[{"href":"https:\/\/www.cipcdahuaraz.org\/cip\/wp-json\/wp\/v2\/types\/page"}],"author":[{"embeddable":true,"href":"https:\/\/www.cipcdahuaraz.org\/cip\/wp-json\/wp\/v2\/users\/1"}],"replies":[{"embeddable":true,"href":"https:\/\/www.cipcdahuaraz.org\/cip\/wp-json\/wp\/v2\/comments?post=2303"}],"version-history":[{"count":34,"href":"https:\/\/www.cipcdahuaraz.org\/cip\/wp-json\/wp\/v2\/pages\/2303\/revisions"}],"predecessor-version":[{"id":3333,"href":"https:\/\/www.cipcdahuaraz.org\/cip\/wp-json\/wp\/v2\/pages\/2303\/revisions\/3333"}],"wp:attachment":[{"href":"https:\/\/www.cipcdahuaraz.org\/cip\/wp-json\/wp\/v2\/media?parent=2303"}],"curies":[{"name":"wp","href":"https:\/\/api.w.org\/{rel}","templated":true}]}}